{"id":958,"date":"2025-04-19T17:43:44","date_gmt":"2025-04-19T15:43:44","guid":{"rendered":"https:\/\/probahn-ol-hb.de\/?page_id=958"},"modified":"2025-04-19T21:02:40","modified_gmt":"2025-04-19T19:02:40","slug":"lnvg-konzept-2030-und-2040","status":"publish","type":"page","link":"https:\/\/probahn-ol-hb.de\/?page_id=958","title":{"rendered":"LNVG-Konzept 2030+ und 2040+"},"content":{"rendered":"\n<p>Die Landesnahverkehrsgesellschaft Niedersachsen (LNVG) hat 2024 ein umfassendes Zielbild f\u00fcr den Schienenpersonennahverkehr (SPNV) in Niedersachsen ver\u00f6ffentlicht. Es beschreibt, wo in den kommenden Jahren welche Anpassungen und vor allem Ausbauten des Verkehrsangebots geplant sind und welche Verbesserungen an der Infrastruktur daf\u00fcr durchgef\u00fchrt werden m\u00fcssen. Niedersachsen hat sich damit als eines der letzten Bundesl\u00e4nder ein solches Zielbild gegeben.<\/p>\n\n\n\n<p>Die vollst\u00e4ndige Dokumentation mit einer interaktiven Karte finden Sie auf den Seiten der LNVG: <a href=\"https:\/\/www.lnvg.de\/spnv\/spnv-konzept-2030-2040\">https:\/\/www.lnvg.de\/spnv\/spnv-konzept-2030-2040<\/a><\/p>\n\n\n\n<p>Wichtig ist dabei, dass es sich um ein Kopnzept handelt, das noch mit den n\u00f6tigen Finanzmitteln und Bauma\u00dfnahmen unterlegt werden muss. Derzeit sind die sogenannten Regionalisierungsmittel noch so knapp, dass keine nennenswerten Ausweitungen im SPNV m\u00f6glich sind &#8211; und Niedersachsen leistet sich seit Jahren den Luxus, entgegen dem Sinn des Gesetzes (aber nicht rechtswidrig) \u00fcber 200 Mio. \u20ac j\u00e4hrlich f\u00fcr die Finanzierung von Busverkehren, die eigentlich von den Landkreisen bzw. Niedersachsen selbst bezahlt werden m\u00fcssten, abzuzweigen. Gleichzeitig ist das Netz an vielen Stellen so auf Kante gen\u00e4ht, z.B. zwischen Oldenburg und Osnabr\u00fcck oder zwischen Buchholz, Soltau und Hannover, dass nicht mehr zus\u00e4tzliche Z\u00fcge fahren k\u00f6nnen, sofern nicht zuerst die Infrastruktur erweitert wurde. Daf\u00fcr fehlt es aber vielerorts und besonders bei der Deutschen Bahn seit Jahren an Planungskapazit\u00e4ten.<\/p>\n\n\n\n<p>Infolge der schwarz-roten Koalition im Bund sollen allerdings verschiedene Verbesserung umgesetzt werden, die den L\u00e4ndern mehr Geld f\u00fcr die Bestellung von Zugleistungen einbringen und die Umsetzung von Ma\u00dfnahmen beschleunigen. Beispielsweise sollen Elektrifizierungen von der Berechnung eines Nutzen-Kosten-Verh\u00e4ltnisses ausgenommen werden. Man dar gespannt sein, ob und inwieweit sich tats\u00e4chlich etwas tut.<\/p>\n\n\n\n<p><strong>Wesentliche Eckpunkte des LNVG-Konzepts sind nach Bewertung von des Fahrgastverbands PRO BAHN:<\/strong><\/p>\n\n\n\n<ul class=\"wp-block-list\">\n<li>Ausbau des Regionalexpress-Netzes auf einen ganzt\u00e4gigen fl\u00e4chendeckenden (angen\u00e4herten) Halbstundentakt<\/li>\n\n\n\n<li>Ausbau der S-Bahn-Netze rund um Hannover und Bremen auf ganzt\u00e4gigen Halbstundentakte im direkten Einzugsbereich der beiden Kernst\u00e4dte<\/li>\n\n\n\n<li>Verdichtung des Regionalbahnverkehrs im S\u00fcden Hamburgs auf einen ganzt\u00e4gigen Halbstundentakt f\u00fcr alle Bahnh\u00f6fe<\/li>\n\n\n\n<li>Etablierung eines Stundentakts als Mindestangebot auf allen nieders\u00e4chsischen Eisenbahnstrecken.<\/li>\n<\/ul>\n\n\n\n<p>Der Landesverband von PRO BAHN hat sich zum Konzept kurz nach Ver\u00f6ffentlichung <a href=\"https:\/\/www.pro-bahn-niedersachsen.de\/pressemitteilung\/pro-bahn-zum-spnv-konzept-der-lnvg-quantensprung-im-angebot-jedoch-viele-fragezeichen-zur-umsetzung\/\" data-type=\"link\" data-id=\"https:\/\/www.pro-bahn-niedersachsen.de\/pressemitteilung\/pro-bahn-zum-spnv-konzept-der-lnvg-quantensprung-im-angebot-jedoch-viele-fragezeichen-zur-umsetzung\/\" target=\"_blank\" rel=\"noreferrer noopener\">ge\u00e4u\u00dfert<\/a>. Insgesamt wird das Konzept positiv beurteilt, weil es in vielen Landesteilen f\u00fcr erhebliche Mehrleistungen und Verbesserungen sorgt. Im Detail bestehen aber noch verschiedene Kritikpunkte, etwa der Wegfall wichtiger Direktverbindungen im S\u00fcdharz, \u00fcber die wir mit der LNVG im Austausch stehen.<\/p>\n\n\n\n<p>Speziell f\u00fcr Oldenburg und Umgebung k\u00f6nnen Sie im Folgenden eine Analyse des Konzepts anschauen, die am 18.11.2024 im Rahmen einer Sitzung des Verkehrsausschusses der Stadt Oldenburg vorgetragen wurde. Die Grafik veranschaulicht das geplante Zugangebot, das insgesamt eine deutliche Verbesserung gegen\u00fcber heute darstellt.<\/p>\n\n\n\n<figure class=\"wp-block-image size-large\"><img loading=\"lazy\" decoding=\"async\" width=\"1024\" height=\"400\" src=\"https:\/\/probahn-ol-hb.de\/wp-content\/uploads\/2025\/04\/Taktknoten-Oldenburg-1024x400.png\" alt=\"\" class=\"wp-image-967\" srcset=\"https:\/\/probahn-ol-hb.de\/wp-content\/uploads\/2025\/04\/Taktknoten-Oldenburg-1024x400.png 1024w, https:\/\/probahn-ol-hb.de\/wp-content\/uploads\/2025\/04\/Taktknoten-Oldenburg-300x117.png 300w, https:\/\/probahn-ol-hb.de\/wp-content\/uploads\/2025\/04\/Taktknoten-Oldenburg-768x300.png 768w, https:\/\/probahn-ol-hb.de\/wp-content\/uploads\/2025\/04\/Taktknoten-Oldenburg-1536x600.png 1536w, https:\/\/probahn-ol-hb.de\/wp-content\/uploads\/2025\/04\/Taktknoten-Oldenburg-2048x800.png 2048w\" sizes=\"auto, (max-width: 1024px) 100vw, 1024px\" \/><\/figure>\n\n\n\n<p>Oldenburg soll zum Taktknoten zur Minute &#8217;00 und zur Minute &#8217;30 ausgebaut werden. Das bedeutet, dass dann jeweils zur vollen und zur halben Stunde Anschl\u00fcsse aus allen in alle Richtungen bestehen. Das wird aber nur funktionieren, wenn zuvor die Strecken Oldenburg &#8211; Leer und Oldenburg &#8211; Osnabr\u00fcck ausgebaut wurden, da sie derzeit vollst\u00e4ndig ausgelastet sind und keine weiteren Z\u00fcge aufnehmen k\u00f6nnen. Dar\u00fcber hinaus bleiben verschiedene wichtige Verbindungen, z.B. von Oldenburg direkt ins Ruhrgebiet oder nach Groningen auch im LNVG-Konzept weiterhin mangelhaft. Hier m\u00fcsste nachgebessert werden. Gleiches gilt f\u00fcr die Stadtteilhalte. Hier ist nur eine Option f\u00fcr Ofenerdiek vorgesehen, aber noch nicht fest eingeplant. Krusenbuch, das fahrplantechnisch ebenfalls machbar w\u00e4re, bleibt ganz au\u00dfen vor, um das RE-Konzept nach Osnabr\u00fcck nicht zu &#8222;verw\u00e4ssern&#8220;.<\/p>\n\n\n        <div id=\"ep-gutenberg-content-d79c4f50f8d73bcf66b6214c7463e5f3\" class=\"ep-gutenberg-content aligncenter ep-percentage-width   ep-content-protection-disabled\">\n            <div class=\"embedpress-inner-iframe emebedpress-unit-percent ep-doc-d79c4f50f8d73bcf66b6214c7463e5f3\" style=\"max-width:600%\" id=\"embedpress-pdf-1745077102598\">\n                <div >\n                    <div class=\"ep-embed-content-wraper\"><div class=\"position-right-wraper gutenberg-pdf-wraper\"><iframe title=\"18.11.2024 Analyse LNVG-Konzept 2030+ und 2040+\" class=\"embedpress-embed-document-pdf embedpress-pdf-1745077102598\" style=\"width:600%;height:600px; max-width:100%; display: inline-block\" src=\"https:\/\/probahn-ol-hb.de\/wp-admin\/admin-ajax.php?action=get_viewer&#038;file=https%3A%2F%2Fprobahn-ol-hb.de%2Fwp-content%2Fuploads%2F2025%2F04%2F18.11.2024-Analyse-LNVG-Konzept-2030-und-2040-2.pdf#key=dGhlbWVNb2RlPWRlZmF1bHQmdG9vbGJhcj10cnVlJnBvc2l0aW9uPXRvcCZwcmVzZW50YXRpb249dHJ1ZSZsYXp5TG9hZD1mYWxzZSZkb3dubG9hZD10cnVlJmNvcHlfdGV4dD10cnVlJmFkZF90ZXh0PWZhbHNlJmRyYXc9ZmFsc2UmZG9jX3JvdGF0aW9uPWZhbHNlJmFkZF9pbWFnZT1mYWxzZSZkb2NfZGV0YWlscz1mYWxzZSZ6b29tX2luPXRydWUmem9vbV9vdXQ9dHJ1ZSZmaXRfdmlldz10cnVlJmJvb2ttYXJrPXRydWUmZmxpcGJvb2tfdG9vbGJhcl9wb3NpdGlvbj1ib3R0b20mc2VsZWN0aW9uX3Rvb2w9MCZzY3JvbGxpbmc9LTEmc3ByZWFkcz0tMSZ3YXRlcm1hcmtfdGV4dD0md2F0ZXJtYXJrX2ZvbnRfc2l6ZT00OCZ3YXRlcm1hcmtfY29sb3I9JTIzMDAwMDAwJndhdGVybWFya19vcGFjaXR5PTE1JndhdGVybWFya19zdHlsZT1jZW50ZXI=\" frameborder=\"0\" oncontextmenu=\"return false;\"><\/iframe> <\/div><\/div>                <\/div>\n            <\/div>\n        <\/div>\n    \n\n\n<p>Als Fahrgastverband PRO BAHN unterst\u00fctzt die im Konzept genannten Ausweitungen des Angebots und die zugeh\u00f6rigen Infrastrukturma\u00dfnahmen grunds\u00e4tzlich, stellt aber auch einige dar\u00fcber hinausgehende Forderungen.<\/p>\n\n\n\n<p><strong>Zugangebot:<\/strong> W\u00e4hrend das Konzept der LNVG an sich schon viele Verbesserungen bietet, gibt es doch einige M\u00e4ngel:<\/p>\n\n\n\n<ul class=\"wp-block-list\">\n<li>Besonders an Wochenenden wird der Halbstundentakt laut Konzept nur am Nachmittag fahren. Das ist zu wenig. Wir fordern einen durchgehenden Halbstundentakt von fr\u00fch bis sp\u00e4t auf allen Strecken!<\/li>\n\n\n\n<li>Neue Haltepunkte sind nicht ber\u00fccksichtigt, obwohl sich mindestens Ofenerdiek und Krusenbusch sehr gut in das Konzept integrieren lassen. Das muss korrigiert werden! Wunderline: Wir brauchen zus\u00e4tzlich einen durchgehenden Scnellzug Bremen &#8211; Oldenburg \u2013 Groningen. Daf\u00fcr gibt es noch keine Pl\u00e4ne.<\/li>\n<\/ul>\n\n\n\n<p><strong>Streckenausbau:<\/strong> Die Strecken rund um Oldenburg m\u00fcssen in die Lage versetzt werden, das ausgebaute Zugangebot zu bew\u00e4ltigen. Daf\u00fcr fordert PRO BAHN:<\/p>\n\n\n\n<ul class=\"wp-block-list\">\n<li>Ersatzneubau der Huntebr\u00fccke: Durchschnittlich hat die Br\u00fccke alle zwei Wochen einen Defekt. Das dadurch verursachte Verkehrschaos ist nicht mehr hinnehmbar!<\/li>\n\n\n\n<li>Die Strecke Oldenburg \u2013 Leer muss f\u00fcr die Regio-S-Bahn und den zunehmenden G\u00fcterverkehr umgehend abschnittsweise zweigleisig ausgebaut werden.<\/li>\n\n\n\n<li>Die Strecke Oldenburg \u2013 Osnabr\u00fcck muss umgehend elektrifiziert, abschnittsweise zweigleisig ausgebaut und mit mehr Kreuzungsbahnh\u00f6fen versehen werden.<\/li>\n\n\n\n<li>Die Strecke Oldenburg \u2013 Bremen muss vollst\u00e4ndig f\u00fcr den Gleiswechselbetrieb ausgebaut werden, damit bei Bauarbeiten zwischen Oldenburg und Hude keine Z\u00fcge ausfallen m\u00fcssen.<\/li>\n\n\n\n<li>Auf der Strecke zwischen Oldenburg und Wilhelmshaven sind weitere Gleiswechsel einzubauen, um die Kapazit\u00e4t zu erh\u00f6hen.<\/li>\n<\/ul>\n\n\n\n<p><strong>Finanzierung:<\/strong> Das Geld reicht hinten und vorne nicht f\u00fcr dringend n\u00f6tige Mehrleistungen. Daher fordert PRO BAHN:<\/p>\n\n\n\n<ul class=\"wp-block-list\">\n<li>Das Land Niedersachsen muss daf\u00fcr sorgen, dass die n\u00f6tigen Gelder f\u00fcr den Ausbau des Zugverkehrs bereitgestellt werden.<\/li>\n\n\n\n<li>Dazu soll es sich f\u00fcr mehr Regionalisierungsmittel des Bundes einsetzen (soll es laut Koalitionsvertrag im Bund tats\u00e4chlich  geben) und eigenes Geld zuschie\u00dfen.<\/li>\n\n\n\n<li>Die Zweckentfremdung \u00fcber 120 Mio. \u20ac aus den Zuwendungen des Bundes muss sofort aufh\u00f6ren; diese Gelder geh\u00f6ren in das Zugangebot investiert!<\/li>\n\n\n\n<li>Auch die Finanzierung des Regionalbusverkehrs muss verbessert werden, um an mehr Stellen Umstiege zwischen Bus und Bahn zu schaffen.<\/li>\n<\/ul>\n","protected":false},"excerpt":{"rendered":"<p>Die Landesnahverkehrsgesellschaft Niedersachsen (LNVG) hat 2024 ein umfassendes Zielbild f\u00fcr den Schienenpersonennahverkehr (SPNV) in Niedersachsen ver\u00f6ffentlicht. Es beschreibt, wo in den kommenden Jahren welche Anpassungen und vor allem Ausbauten des &#8230;<\/p>\n","protected":false},"author":1,"featured_media":0,"parent":0,"menu_order":0,"comment_status":"closed","ping_status":"closed","template":"","meta":{"footnotes":""},"class_list":["post-958","page","type-page","status-publish","hentry"],"_links":{"self":[{"href":"https:\/\/probahn-ol-hb.de\/index.php?rest_route=\/wp\/v2\/pages\/958","targetHints":{"allow":["GET"]}}],"collection":[{"href":"https:\/\/probahn-ol-hb.de\/index.php?rest_route=\/wp\/v2\/pages"}],"about":[{"href":"https:\/\/probahn-ol-hb.de\/index.php?rest_route=\/wp\/v2\/types\/page"}],"author":[{"embeddable":true,"href":"https:\/\/probahn-ol-hb.de\/index.php?rest_route=\/wp\/v2\/users\/1"}],"replies":[{"embeddable":true,"href":"https:\/\/probahn-ol-hb.de\/index.php?rest_route=%2Fwp%2Fv2%2Fcomments&post=958"}],"version-history":[{"count":7,"href":"https:\/\/probahn-ol-hb.de\/index.php?rest_route=\/wp\/v2\/pages\/958\/revisions"}],"predecessor-version":[{"id":971,"href":"https:\/\/probahn-ol-hb.de\/index.php?rest_route=\/wp\/v2\/pages\/958\/revisions\/971"}],"wp:attachment":[{"href":"https:\/\/probahn-ol-hb.de\/index.php?rest_route=%2Fwp%2Fv2%2Fmedia&parent=958"}],"curies":[{"name":"wp","href":"https:\/\/api.w.org\/{rel}","templated":true}]}}