{"id":216,"date":"2021-01-10T21:28:48","date_gmt":"2021-01-10T19:28:48","guid":{"rendered":"https:\/\/probahn-ol-hb.de\/?page_id=216"},"modified":"2021-07-25T09:51:45","modified_gmt":"2021-07-25T07:51:45","slug":"pro-bahn-auf-landes-und-bundesebene","status":"publish","type":"page","link":"https:\/\/probahn-ol-hb.de\/?page_id=216","title":{"rendered":"PRO BAHN auf Landes- und Bundesebene"},"content":{"rendered":"\n<p>Neben den Regionalverb\u00e4nden, die die Fahrgastinteressen vor Ort vertreten, gibt es bei PRO BAHN noch verschiedene Landesverb\u00e4nde und den Bundesverband. Der Regionalverband Oldenburger Land\/Bremen geh\u00f6rt organisatorisch zum Landesverband Niedersachsen, der aus insgesamt sieben Regionalverb\u00e4nden besteht. Vorsitzender ist Malte Diehl.<\/p>\n\n\n\n<p>Der PRO-BAHN-Bundesverband hat seine Gesch\u00e4ftsstelle in M\u00fcnchen und gibt auch das Magazin &#8222;Der Fahrgast&#8220; heraus, welches in gut sortierten Bahnhofsbuchhandlungen erh\u00e4ltlich ist und Mitgliedern etwa viertelj\u00e4hrlich zugeschickt wird. Vorsitzender ist Detlef Neu\u00df.<\/p>\n\n\n\n<p>Anbei finden Sie die Links zu den Webseiten der anderen nieders\u00e4chsischen Regionalverb\u00e4nde, des Landes- und des Bundesverbandes von PRO BAHN.<\/p>\n\n\n\n<ul class=\"wp-block-list\"><li><a href=\"https:\/\/www.pro-bahn.de\">Bundesverband<\/a><\/li><li><a href=\"https:\/\/www.pro-bahn.de\/niedersachsen\">Landesverband Niedersachsen<\/a><\/li><li><a href=\"http:\/\/www.pro-bahn-suedniedersachsen.de\/\">Regionalverband S\u00fcd-Niedersachsen<\/a><\/li><li><a href=\"http:\/\/www.pro-bahn-sh.de\/Wordpress\/wp-content\/uploads\/2010\/07\/Hamburg2.pdf\">Regionalverband Hamburg und Umgebung<\/a><\/li><li><a href=\"http:\/\/www.ems-jade-bahn.de\/RV\/index.html\">Regionalverband Ems-Jade e.V.<\/a><\/li><li><a href=\"http:\/\/pro-bahn.nordharzbahn.de\/\">Regionalverband Braunschweig\/Hildesheim<\/a><\/li><li><a href=\"mailto:rv-suedwest@niedersachsen.pro-bahn.de\">Regionalverband S\u00fcdwest-Niedersachsen<\/a><\/li><li><a href=\"https:\/\/pro-bahnhannover.lima-city.de\/index.html\">Regionalverband Hannover-Region<\/a><\/li><\/ul>\n\n\n","protected":false},"excerpt":{"rendered":"<p>Neben den Regionalverb\u00e4nden, die die Fahrgastinteressen vor Ort vertreten, gibt es bei PRO BAHN noch verschiedene Landesverb\u00e4nde und den Bundesverband. Der Regionalverband Oldenburger Land\/Bremen geh\u00f6rt organisatorisch zum Landesverband Niedersachsen, der &#8230;<\/p>\n","protected":false},"author":1,"featured_media":0,"parent":0,"menu_order":0,"comment_status":"closed","ping_status":"closed","template":"","meta":{"footnotes":""},"class_list":["post-216","page","type-page","status-publish","hentry"],"_links":{"self":[{"href":"https:\/\/probahn-ol-hb.de\/index.php?rest_route=\/wp\/v2\/pages\/216","targetHints":{"allow":["GET"]}}],"collection":[{"href":"https:\/\/probahn-ol-hb.de\/index.php?rest_route=\/wp\/v2\/pages"}],"about":[{"href":"https:\/\/probahn-ol-hb.de\/index.php?rest_route=\/wp\/v2\/types\/page"}],"author":[{"embeddable":true,"href":"https:\/\/probahn-ol-hb.de\/index.php?rest_route=\/wp\/v2\/users\/1"}],"replies":[{"embeddable":true,"href":"https:\/\/probahn-ol-hb.de\/index.php?rest_route=%2Fwp%2Fv2%2Fcomments&post=216"}],"version-history":[{"count":3,"href":"https:\/\/probahn-ol-hb.de\/index.php?rest_route=\/wp\/v2\/pages\/216\/revisions"}],"predecessor-version":[{"id":441,"href":"https:\/\/probahn-ol-hb.de\/index.php?rest_route=\/wp\/v2\/pages\/216\/revisions\/441"}],"wp:attachment":[{"href":"https:\/\/probahn-ol-hb.de\/index.php?rest_route=%2Fwp%2Fv2%2Fmedia&parent=216"}],"curies":[{"name":"wp","href":"https:\/\/api.w.org\/{rel}","templated":true}]}}