{"id":193,"date":"2021-01-09T23:23:10","date_gmt":"2021-01-09T21:23:10","guid":{"rendered":"https:\/\/probahn-ol-hb.de\/?page_id=193"},"modified":"2026-03-22T16:41:20","modified_gmt":"2026-03-22T14:41:20","slug":"test","status":"publish","type":"page","link":"https:\/\/probahn-ol-hb.de\/","title":{"rendered":"RV Oldenburger Land\/Bremen"},"content":{"rendered":"\n<h3 class=\"wp-block-heading\"><a href=\"https:\/\/probahn-ol-hb.de\/wp-content\/uploads\/2026\/03\/Resolution-Huntebruecke-final.pdf\" data-type=\"attachment\" data-id=\"1053\"><strong>Resolution zum Neubau der Oldenburger Huntebr\u00fccke einschlie\u00dflich wichtiger Begleitma\u00dfnahmen<\/strong><\/a><\/h3>\n\n\n\n<h3 class=\"wp-block-heading\">PRO BAHN zeigt Flagge auf Westersteder Marktplatz<\/h3>\n\n\n\n<figure class=\"wp-block-image size-large\"><img loading=\"lazy\" decoding=\"async\" width=\"1024\" height=\"768\" src=\"https:\/\/probahn-ol-hb.de\/wp-content\/uploads\/2026\/03\/WhatsApp-Image-2026-03-20-at-09.04.44-1024x768.jpeg\" alt=\"\" class=\"wp-image-1062\" srcset=\"https:\/\/probahn-ol-hb.de\/wp-content\/uploads\/2026\/03\/WhatsApp-Image-2026-03-20-at-09.04.44-1024x768.jpeg 1024w, https:\/\/probahn-ol-hb.de\/wp-content\/uploads\/2026\/03\/WhatsApp-Image-2026-03-20-at-09.04.44-300x225.jpeg 300w, https:\/\/probahn-ol-hb.de\/wp-content\/uploads\/2026\/03\/WhatsApp-Image-2026-03-20-at-09.04.44-768x576.jpeg 768w, https:\/\/probahn-ol-hb.de\/wp-content\/uploads\/2026\/03\/WhatsApp-Image-2026-03-20-at-09.04.44-1536x1152.jpeg 1536w, https:\/\/probahn-ol-hb.de\/wp-content\/uploads\/2026\/03\/WhatsApp-Image-2026-03-20-at-09.04.44.jpeg 1600w\" sizes=\"auto, (max-width: 1024px) 100vw, 1024px\" \/><figcaption class=\"wp-element-caption\">Am 20.03.2026 warben mehrere aktive Mitglieder des Fahrgastverbands PRO BAHN auf dem Marktplatz in Westerstede f\u00fcr einen besseren \u00f6ffentlichen Personenverkehr. Im Hintergrund zu sehen ist der gleichzeitige Infostand des B\u00fcrgerbus-Vereins Westerstede, der mit seinen ehrenamtlich durchgef\u00fchrten Fahrten und der Mobilit\u00e4tszentrale einen wichtigen Beitrag zur Mobilit\u00e4t in der Kreisstadt leistet.<\/figcaption><\/figure>\n\n\n\n<h4 class=\"wp-block-heading\"><a href=\"https:\/\/probahn-ol-hb.de\/?p=1007\" data-type=\"post\" data-id=\"1007\"><strong>Offener Brief an den Oldenburger Oberb\u00fcrgermeister und die Stadtbaur\u00e4tin zum Erhalt des Reisezentrums<\/strong> <\/a><\/h4>\n\n\n\n<h4 class=\"wp-block-heading\">Gemeinsam Flagge zeigen f\u00fcr das Reisezentrum im Oldenburger Hbf<\/h4>\n\n\n\n<p><\/p>\n\n\n\n<figure class=\"wp-block-image size-large\"><img loading=\"lazy\" decoding=\"async\" width=\"1024\" height=\"462\" src=\"https:\/\/probahn-ol-hb.de\/wp-content\/uploads\/2025\/05\/20250516_154211-1024x462.jpg\" alt=\"\" class=\"wp-image-997\" srcset=\"https:\/\/probahn-ol-hb.de\/wp-content\/uploads\/2025\/05\/20250516_154211-1024x462.jpg 1024w, https:\/\/probahn-ol-hb.de\/wp-content\/uploads\/2025\/05\/20250516_154211-300x135.jpg 300w, https:\/\/probahn-ol-hb.de\/wp-content\/uploads\/2025\/05\/20250516_154211-768x346.jpg 768w, https:\/\/probahn-ol-hb.de\/wp-content\/uploads\/2025\/05\/20250516_154211-1536x692.jpg 1536w, https:\/\/probahn-ol-hb.de\/wp-content\/uploads\/2025\/05\/20250516_154211-2048x923.jpg 2048w\" sizes=\"auto, (max-width: 1024px) 100vw, 1024px\" \/><\/figure>\n\n\n\n<p><a href=\"https:\/\/probahn-ol-hb.de\/?p=996\" data-type=\"post\" data-id=\"996\">Am 16.05.25 waren wir vor Ort am Oldenburger Hbf, um f\u00fcr den Erhalt des dortigen Reisezentrums einzutreten. Erfahren Sie mehr &#8230;<\/a><\/p>\n\n\n\n<div class=\"wp-block-group has-vivid-cyan-blue-background-color has-background\"><div class=\"wp-block-group__inner-container is-layout-constrained wp-block-group-is-layout-constrained\">\n<p class=\"has-white-color has-text-color has-link-color has-medium-font-size wp-elements-c8c9159847aa7c6e77d9b0c1743cde0e\"><strong><a href=\"https:\/\/probahn-ol-hb.de\/?page_id=857\" data-type=\"page\" data-id=\"857\">Hier nachlesen und -schauen: Unsere zentralen Forderungen zum Ausbau von Eisenbahnnetz und Verkehrsangebot im Nordwesten.<\/a><\/strong><\/p>\n\n\n\n<iframe loading=\"lazy\" width=\"100%\" height=\"300px\" frameborder=\"0\" allowfullscreen allow=\"geolocation\" src=\"\/\/umap.openstreetmap.de\/de\/map\/forderungen-fahrgastverband-pro-bahn-oldenburger-l_56081?scaleControl=false&#038;miniMap=false&#038;scrollWheelZoom=false&#038;zoomControl=true&#038;editMode=disabled&#038;moreControl=true&#038;searchControl=null&#038;tilelayersControl=null&#038;embedControl=null&#038;datalayersControl=true&#038;onLoadPanel=undefined&#038;captionBar=false&#038;captionMenus=true\"><\/iframe><p><a href=\"\/\/umap.openstreetmap.de\/de\/map\/forderungen-fahrgastverband-pro-bahn-oldenburger-l_56081?scaleControl=false&#038;miniMap=false&#038;scrollWheelZoom=true&#038;zoomControl=true&#038;editMode=disabled&#038;moreControl=true&#038;searchControl=null&#038;tilelayersControl=null&#038;embedControl=null&#038;datalayersControl=true&#038;onLoadPanel=undefined&#038;captionBar=false&#038;captionMenus=true\">Vollbildanzeige<\/a><\/p>\n<\/div><\/div>\n\n\n\n<hr class=\"wp-block-separator has-alpha-channel-opacity is-style-wide\"\/>\n\n\n\n<div class=\"wp-block-media-text is-stacked-on-mobile is-image-fill-element has-vivid-cyan-blue-color has-white-background-color has-text-color has-background has-link-color wp-elements-3e31544e0740e55eabb038b0cfccc18f\" style=\"grid-template-columns:62% auto\"><figure class=\"wp-block-media-text__media\"><img loading=\"lazy\" decoding=\"async\" width=\"1024\" height=\"461\" src=\"https:\/\/probahn-ol-hb.de\/wp-content\/uploads\/2024\/04\/Mobilitaetszentrale_Westerstede-1-1024x461.jpg\" alt=\"\" class=\"wp-image-899 size-full\" style=\"object-position:50% 50%\" srcset=\"https:\/\/probahn-ol-hb.de\/wp-content\/uploads\/2024\/04\/Mobilitaetszentrale_Westerstede-1-1024x461.jpg 1024w, https:\/\/probahn-ol-hb.de\/wp-content\/uploads\/2024\/04\/Mobilitaetszentrale_Westerstede-1-300x135.jpg 300w, https:\/\/probahn-ol-hb.de\/wp-content\/uploads\/2024\/04\/Mobilitaetszentrale_Westerstede-1-768x346.jpg 768w, https:\/\/probahn-ol-hb.de\/wp-content\/uploads\/2024\/04\/Mobilitaetszentrale_Westerstede-1-1536x691.jpg 1536w, https:\/\/probahn-ol-hb.de\/wp-content\/uploads\/2024\/04\/Mobilitaetszentrale_Westerstede-1.jpg 2000w\" sizes=\"auto, (max-width: 1024px) 100vw, 1024px\" \/><\/figure><div class=\"wp-block-media-text__content\">\n<p><strong><a href=\"https:\/\/probahn-ol-hb.de\/?p=900\">PRO BAHN zu Besuch in der Mobilit\u00e4tszentrale Westerstede<\/a><\/strong><\/p>\n\n\n\n<p class=\"has-black-color has-text-color has-link-color wp-elements-0e99cfdc7043175b5b329861731c0b75\">Am 19.04. war eine Delegation des Regionalverbandes zu Gast in der Mobilit\u00e4tszentrale Westerstede und konnte sich bei ihrem Besuch davon \u00fcberzeugen, dass auch auf dem Land personenbedienter Fahrscheinverkauf mit guter Beratung m\u00f6glich ist.<\/p>\n\n\n\n<p><a href=\"https:\/\/probahn-ol-hb.de\/?p=900\" data-type=\"link\" data-id=\"https:\/\/probahn-ol-hb.de\/?p=900\">Weiterlesen &#8230;<\/a><\/p>\n<\/div><\/div>\n\n\n\n<div class=\"wp-block-media-text alignwide is-stacked-on-mobile\" style=\"grid-template-columns:20% auto\"><figure class=\"wp-block-media-text__media\"><img loading=\"lazy\" decoding=\"async\" width=\"635\" height=\"720\" src=\"https:\/\/probahn-ol-hb.de\/wp-content\/uploads\/2021\/09\/deutsche-bahn-494624_960_720.jpg\" alt=\"\" class=\"wp-image-542 size-full\" srcset=\"https:\/\/probahn-ol-hb.de\/wp-content\/uploads\/2021\/09\/deutsche-bahn-494624_960_720.jpg 635w, https:\/\/probahn-ol-hb.de\/wp-content\/uploads\/2021\/09\/deutsche-bahn-494624_960_720-265x300.jpg 265w\" sizes=\"auto, (max-width: 635px) 100vw, 635px\" \/><\/figure><div class=\"wp-block-media-text__content\">\n<p style=\"font-size:24px\"><em>Ist Ihr Zug ausgefallen?<\/em> <em>Haben Sie Ihren Anschluss verpasst? War Ihr Zug verdreckt?<\/em><\/p>\n\n\n\n<p style=\"font-size:24px\">Dann schreiben Sie uns an: <\/p>\n\n\n\n<p style=\"font-size:24px\"><a rel=\"noreferrer noopener\" href=\"mailto:info@probahn-ol-hb.de\" target=\"_blank\">info@probahn-ol-hb.de<\/a><\/p>\n<\/div><\/div>\n\n\n\n<hr class=\"wp-block-separator has-text-color has-vivid-cyan-blue-color has-css-opacity has-vivid-cyan-blue-background-color has-background is-style-wide\"\/>\n\n\n\n<p class=\"has-drop-cap\">Herzlich Willkommen beim <strong>Regionalverband Oldenburger Land\/Bremen des Fahrgastverbandes PRO BAHN<\/strong>. Wir setzen uns f\u00fcr Ihre Interessen als Fahrgast in \u00f6ffentlichen Verkehrsmitteln ein. Als unabh\u00e4ngiger, ehrenamtlicher und gemeinn\u00fctziger Verein versuchen wir, Angebot und Qualit\u00e4t von Bahn und Bus im Nordwesten Niedersachsens und in Bremen kontinuierlich zu verbessern. <\/p>\n\n\n\n<p>Auf diesen Seiten erfahren Sie mehr \u00fcber unsere Ziele und Aktivit\u00e4ten. Seit unserer Gr\u00fcndung in den 1980er Jahren konnten wir viel erreichen, aber es gibt noch viel zu tun. Verstopfte Stra\u00dfen, zu selten fahrende Z\u00fcge, marode Infrastruktur und unzureichende Fahrgastrechte belegen immer wieder die Notwendigkeit unseres Einsatzes. Auch der fortschreitende Klimawandel verlangt bessere Alternativen zum Auto.<\/p>\n\n\n\n<p>Deutschland ist sicherlich kein Entwicklungsland, was \u00f6ffentliche Verkehrsmittel angeht, aber Nachbarl\u00e4nder wie die Schweiz oder die Niederlande zeigen uns, wie man es schaffen kann, deutlich mehr Menschen vom eigenen Lenkrad in Busse und Bahnen zu bringen.<\/p>\n\n\n\n<p>Wenn Sie auf Ihren Fahrten schlechte Erfahrungen gemacht haben oder gerne mit \u00f6ffentlichen Verkehrsmitteln reisen und Ihre Ideen einbringen m\u00f6chten, sind Sie bei uns richtig. Nehmen Sie gerne Kontakt auf und schreiben Sie uns. Wir k\u00fcmmern uns um Ihr Anliegen und sind immer dankbar f\u00fcr neue Anregungen.<\/p>\n\n\n\n<p>Es gr\u00fc\u00dft Sie herzlich, <\/p>\n\n\n\n<p>Malte Diehl<\/p>\n\n\n\n<p>Fahrgastverband PRO BAHN<br>Vorsitzender des Regionalverbandes Oldenburger Land\/Bremen<br><\/p>\n\n\n\n<p><\/p>\n\n\n<div class=\"wptb-container-legacy\" data-table-id=\"326\">\n    <table class=\"wptb-preview-table wptb-element-main-table_setting-326\" style=\"border: 0px solid rgb(209, 209, 209);\" data-reconstraction=\"1\" data-wptb-table-tds-sum-max-width=\"300\" data-wptb-cells-width-auto-count=\"3\" role=\"table\" data-wptb-responsive-directives=\"eyJyZXNwb25zaXZlRW5hYmxlZCI6dHJ1ZSwicmVzcG9uc2l2ZU1vZGUiOiJhdXRvIiwicHJlc2VydmVSb3dDb2xvciI6ZmFsc2UsInJlbGF0aXZlV2lkdGgiOiJ3aW5kb3ciLCJoZWFkZXJGdWxseU1lcmdlZCI6ZmFsc2UsIm1vZGVPcHRpb25zIjp7ImF1dG8iOnsidG9wUm93QXNIZWFkZXIiOnsiZGVza3RvcCI6ZmFsc2UsInRhYmxldCI6dHJ1ZSwibW9iaWxlIjp0cnVlfSwicmVwZWF0TWVyZ2VkSGVhZGVyIjp7ImRlc2t0b3AiOnRydWUsInRhYmxldCI6dHJ1ZSwibW9iaWxlIjp0cnVlfSwic3RhdGljVG9wUm93Ijp7ImRlc2t0b3AiOmZhbHNlLCJ0YWJsZXQiOmZhbHNlLCJtb2JpbGUiOmZhbHNlfSwiY2VsbFN0YWNrRGlyZWN0aW9uIjp7ImRlc2t0b3AiOiJyb3ciLCJ0YWJsZXQiOiJyb3ciLCJtb2JpbGUiOiJyb3cifSwiY2VsbHNQZXJSb3ciOnsiZGVza3RvcCI6MSwidGFibGV0IjoxLCJtb2JpbGUiOjF9fX0sImJyZWFrcG9pbnRzIjp7ImRlc2t0b3AiOnsibmFtZSI6ImRlc2t0b3AiLCJ3aWR0aCI6MTAyNH0sInRhYmxldCI6eyJuYW1lIjoidGFibGV0Iiwid2lkdGgiOjcwMH0sIm1vYmlsZSI6eyJuYW1lIjoibW9iaWxlIiwid2lkdGgiOjMwMH19fQ==\" data-wptb-adaptive-table=\"0\" data-wptb-table-alignment=\"center\" data-wptb-header-background-color=\"#1e73be\" data-table-columns=\"3\" data-wptb-extra-styles=\"LyogRW50ZXIgeW91ciBjdXN0b20gQ1NTIHJ1bGVzIGhlcmUgKi8=\"><tbody><tr class=\"wptb-row\" data-wptb-bg-color=\"#1e73be\" style=\"background-color: rgb(30, 115, 190);\"><td class=\"wptb-cell\" data-y-index=\"0\" data-x-index=\"0\" style=\"border: 1px none rgb(209, 209, 209); padding: 0px;\" data-wptb-css-td-auto-width=\"true\"><div class=\"wptb-text-container wptb-ph-element wptb-element-text-3\" style=\"color: rgb(255, 255, 255);\"><div class=\"\" style=\"position: relative;\"><p style=\"text-align: center;\" class=\"\"><a data-mce-href=\"https:\/\/probahn-ol-hb.de\/?page_id=244\" href=\"https:\/\/probahn-ol-hb.de\/?page_id=244\" style=\"color: #ffffff;\"><strong>Deutschland-Takt<\/strong><\/a><\/p><\/div><\/div><\/td><td class=\"wptb-cell\" data-y-index=\"0\" data-x-index=\"1\" style=\"border: 1px none rgb(209, 209, 209); padding: 0px;\" data-wptb-css-td-auto-width=\"true\"><div class=\"wptb-text-container wptb-ph-element wptb-element-text-1\" style=\"color: rgb(255, 255, 255);\"><div class=\"\" style=\"position: relative;\"><p style=\"text-align: center;\" class=\"\"><a data-mce-href=\"https:\/\/probahn-ol-hb.de\/?page_id=248\" href=\"https:\/\/probahn-ol-hb.de\/?page_id=248\" class=\"\" style=\"color: #ffffff;\" data-mce-selected=\"inline-boundary\"><strong>Infrastruktur Dieselnetz <br>Weser-Ems<\/strong><\/a><br><\/p><\/div><\/div><\/td><td class=\"wptb-cell\" data-y-index=\"0\" data-x-index=\"2\" style=\"border: 1px none rgb(209, 209, 209); padding: 0px;\" data-wptb-css-td-auto-width=\"true\"><div class=\"wptb-text-container wptb-ph-element wptb-element-text-2 edit-active\" style=\"color: rgb(255, 255, 255);\"><div class=\"\" style=\"position: relative;\"><p style=\"text-align: center;\"><a data-mce-href=\"https:\/\/probahn-ol-hb.de\/?page_id=250\" href=\"https:\/\/probahn-ol-hb.de\/?page_id=250\" title=\"Wunderlinie\" data-mce-selected=\"inline-boundary\" style=\"color: rgb(255, 255, 255);\"><strong>Wunderlinie<\/strong><\/a><br><\/p><\/div><\/div><\/td><\/tr><tr class=\"wptb-row\" data-wptb-bg-color=\"\"><td class=\"wptb-cell\" data-y-index=\"1\" data-x-index=\"0\" style=\"border: 1px none rgb(209, 209, 209); padding: 0px;\" data-wptb-css-td-auto-width=\"true\"><div class=\"wptb-image-container wptb-ph-element wptb-element-image-1\"><div class=\"wptb-image-wrapper\">            <a style=\"display: block; float: none;\" class=\"\"><img loading=\"lazy\" decoding=\"async\" src=\"\/\/probahn-ol-hb.de\/wp-content\/uploads\/2021\/03\/symbolbild_4.png\" style=\"width: 100%;\" width=\"520\" height=\"346\"><\/a>        <\/div><\/div><\/td><td class=\"wptb-cell\" data-y-index=\"1\" data-x-index=\"1\" style=\"border: 1px none rgb(209, 209, 209); padding: 0px;\" data-wptb-css-td-auto-width=\"true\"><div class=\"wptb-image-container wptb-ph-element wptb-element-image-2\"><div class=\"wptb-image-wrapper\">            <a style=\"display: block; float: none;\" class=\"\"><img loading=\"lazy\" decoding=\"async\" src=\"\/\/probahn-ol-hb.de\/wp-content\/uploads\/2021\/03\/symbolbild_2.png\" style=\"width: 100%;\" width=\"520\" height=\"346\"><\/a>        <\/div><\/div><\/td><td class=\"wptb-cell\" data-y-index=\"1\" data-x-index=\"2\" style=\"border: 1px none rgb(209, 209, 209); padding: 0px;\" data-wptb-css-td-auto-width=\"true\"><div class=\"wptb-image-container wptb-ph-element wptb-element-image-3\"><div class=\"wptb-image-wrapper\">            <a style=\"display: block; float: none;\" class=\"\"><img loading=\"lazy\" decoding=\"async\" src=\"\/\/probahn-ol-hb.de\/wp-content\/uploads\/2021\/03\/symbolbild_3.png\" style=\"width: 100%;\" width=\"520\" height=\"346\"><\/a>        <\/div><\/div><\/td><\/tr><\/tbody><\/table>\n<\/div>\n\n","protected":false},"excerpt":{"rendered":"<p>Resolution zum Neubau der Oldenburger Huntebr\u00fccke einschlie\u00dflich wichtiger Begleitma\u00dfnahmen PRO BAHN zeigt Flagge auf Westersteder Marktplatz Offener Brief an den Oldenburger Oberb\u00fcrgermeister und die Stadtbaur\u00e4tin zum Erhalt des Reisezentrums Gemeinsam &#8230;<\/p>\n","protected":false},"author":1,"featured_media":0,"parent":0,"menu_order":0,"comment_status":"closed","ping_status":"closed","template":"","meta":{"footnotes":""},"class_list":["post-193","page","type-page","status-publish","hentry"],"_links":{"self":[{"href":"https:\/\/probahn-ol-hb.de\/index.php?rest_route=\/wp\/v2\/pages\/193","targetHints":{"allow":["GET"]}}],"collection":[{"href":"https:\/\/probahn-ol-hb.de\/index.php?rest_route=\/wp\/v2\/pages"}],"about":[{"href":"https:\/\/probahn-ol-hb.de\/index.php?rest_route=\/wp\/v2\/types\/page"}],"author":[{"embeddable":true,"href":"https:\/\/probahn-ol-hb.de\/index.php?rest_route=\/wp\/v2\/users\/1"}],"replies":[{"embeddable":true,"href":"https:\/\/probahn-ol-hb.de\/index.php?rest_route=%2Fwp%2Fv2%2Fcomments&post=193"}],"version-history":[{"count":26,"href":"https:\/\/probahn-ol-hb.de\/index.php?rest_route=\/wp\/v2\/pages\/193\/revisions"}],"predecessor-version":[{"id":1063,"href":"https:\/\/probahn-ol-hb.de\/index.php?rest_route=\/wp\/v2\/pages\/193\/revisions\/1063"}],"wp:attachment":[{"href":"https:\/\/probahn-ol-hb.de\/index.php?rest_route=%2Fwp%2Fv2%2Fmedia&parent=193"}],"curies":[{"name":"wp","href":"https:\/\/api.w.org\/{rel}","templated":true}]}}